{"id":4087,"date":"2016-10-26T07:31:36","date_gmt":"2016-10-26T07:31:36","guid":{"rendered":"https:\/\/emsonline.es\/blog\/"},"modified":"2024-10-14T14:47:03","modified_gmt":"2024-10-14T14:47:03","slug":"blog","status":"publish","type":"page","link":"https:\/\/emsonline.es\/en\/blog\/","title":{"rendered":"Blog"},"content":{"rendered":"<p>[et_pb_section fb_built=&#8221;1&#8243; _builder_version=&#8221;3.22&#8243; background_color=&#8221;#000000&#8243; custom_margin=&#8221;0px||0px|&#8221; custom_padding=&#8221;0px||0px|&#8221; global_module=&#8221;5985&#8243;][et_pb_row _builder_version=&#8221;3.25&#8243; custom_margin=&#8221;0px||0px|&#8221; custom_padding=&#8221;0px||0px|&#8221;][et_pb_column type=&#8221;4_4&#8243; _builder_version=&#8221;3.25&#8243; custom_padding=&#8221;|||&#8221; custom_padding__hover=&#8221;|||&#8221;][et_pb_image src=&#8221;https:\/\/emsonline.es\/wp-content\/uploads\/2019\/03\/cabeceranews.jpg&#8221; align_tablet=&#8221;center&#8221; align_phone=&#8221;&#8221; align_last_edited=&#8221;on|desktop&#8221; _builder_version=&#8221;3.23&#8243; custom_margin=&#8221;0px||0px|&#8221; custom_padding=&#8221;0px||0px|&#8221;][\/et_pb_image][\/et_pb_column][\/et_pb_row][\/et_pb_section][et_pb_section fb_built=&#8221;1&#8243; custom_padding_last_edited=&#8221;on|desktop&#8221; admin_label=&#8221;section&#8221; _builder_version=&#8221;3.22&#8243; custom_padding_tablet=&#8221;50px|0|50px|0&#8243; custom_padding_phone=&#8221;&#8221; transparent_background=&#8221;off&#8221; padding_mobile=&#8221;off&#8221; make_fullwidth=&#8221;off&#8221; use_custom_width=&#8221;off&#8221; width_unit=&#8221;off&#8221; custom_width_px=&#8221;1080px&#8221; custom_width_percent=&#8221;80%&#8221;][et_pb_row column_structure=&#8221;2_3,1_3&#8243; padding_mobile=&#8221;off&#8221; column_padding_mobile=&#8221;on&#8221; admin_label=&#8221;row&#8221; _builder_version=&#8221;3.25&#8243; background_size=&#8221;initial&#8221; background_position=&#8221;top_left&#8221; background_repeat=&#8221;repeat&#8221; make_fullwidth=&#8221;off&#8221; use_custom_width=&#8221;off&#8221; width_unit=&#8221;off&#8221; custom_width_px=&#8221;1080px&#8221; custom_width_percent=&#8221;80%&#8221;][et_pb_column type=&#8221;2_3&#8243; _builder_version=&#8221;3.25&#8243; custom_padding=&#8221;|||&#8221; custom_padding__hover=&#8221;|||&#8221;][et_pb_text admin_label=&#8221;EMSNEWS ACTUALIDAD&#8221; _builder_version=&#8221;3.27.4&#8243; text_font_size=&#8221;24px&#8221; background_color=&#8221;#0c71c3&#8243; background_layout=&#8221;dark&#8221; custom_margin=&#8221;||22px|||&#8221; animation_style=&#8221;slide&#8221; text_text_shadow_style=&#8221;preset3&#8243;]<\/p>\n<p style=\"padding: 15px;\">EMSNEWS ACTUALIDAD<\/p>\n<p>[\/et_pb_text][et_pb_text _builder_version=&#8221;4.9.4&#8243; _module_preset=&#8221;default&#8221;]<\/p>\n<h1 class=\"null\"><a href=\"https:\/\/emsonline.es\/contacto\/\" target=\"_blank\" rel=\"noopener\"><strong>\u00a1LLEG\u00d3 LA REVOLUCI\u00d3N!<\/strong><\/a><br \/>Aspire power pants!!<\/h1>\n<p><strong>NUEVA OPORTUNIDAD DE NEGOCIO !!!<\/strong><br \/>Poca inversi\u00f3n, mucho beneficio!!<\/p>\n<p><iframe loading=\"lazy\" title=\"Aspire | Electro estimulaci\u00f3n muscular\" width=\"1080\" height=\"608\" src=\"https:\/\/www.youtube.com\/embed\/SEbBOLEr1mo?feature=oembed\"  allow=\"accelerometer; autoplay; clipboard-write; encrypted-media; gyroscope; picture-in-picture; web-share\" referrerpolicy=\"strict-origin-when-cross-origin\" allowfullscreen><\/iframe><\/p>\n<p><a href=\"https:\/\/aspirepants.com\/\" target=\"_blank\" rel=\"noopener\">aspirepants.com<\/a><\/p>\n<h2 class=\"null\"><a href=\"https:\/\/emsonline.es\/contacto\/\" target=\"_blank\" rel=\"noopener\"><strong>INF\u00d3RMATE<\/strong><\/a>\u00a0<\/h2>\n<p>[\/et_pb_text][et_pb_image src=&#8221;https:\/\/emsonline.es\/wp-content\/uploads\/2021\/07\/aspire-fotos.jpg&#8221; title_text=&#8221;aspire-fotos&#8221; _builder_version=&#8221;4.9.4&#8243; _module_preset=&#8221;default&#8221;][\/et_pb_image][et_pb_divider _builder_version=&#8221;4.9.4&#8243; _module_preset=&#8221;default&#8221;][\/et_pb_divider][et_pb_text _builder_version=&#8221;4.9.0&#8243; _module_preset=&#8221;default&#8221;]<\/p>\n<h1 class=\"null\"><a href=\"https:\/\/o2lifehiperbaricas.com\/\" target=\"_blank\" rel=\"noopener\"><strong>C\u00e1mara Hiperb\u00e1rica<\/strong><\/a><\/h1>\n<p>Ofrece algo especial a tus clientes y sigue marcando la diferencia.<\/p>\n<p><strong><a href=\"https:\/\/o2lifehiperbaricas.com\/\" target=\"_blank\" rel=\"noopener\">O2lifehiperbaricas.com<\/a><\/strong>\u00a0<\/p>\n<h2 class=\"null\"><a href=\"https:\/\/o2lifehiperbaricas.com\/#contacto\" target=\"_blank\" rel=\"noopener\"><strong>INF\u00d3RMATE<\/strong>\u00a0<\/a><\/h2>\n<p>[\/et_pb_text][et_pb_divider show_divider=&#8221;off&#8221; _builder_version=&#8221;4.9.4&#8243;][\/et_pb_divider][et_pb_text admin_label=&#8221;ESTUDIO REJUVENECIMIENTO C\u00c1MARA HIPERB\u00c1RICA&#8221; _builder_version=&#8221;4.9.4&#8243; text_font_size=&#8221;24px&#8221; background_color=&#8221;#0c71c3&#8243; background_layout=&#8221;dark&#8221; custom_margin=&#8221;||22px|||&#8221; animation_style=&#8221;slide&#8221; text_text_shadow_style=&#8221;preset3&#8243;]<\/p>\n<p style=\"padding: 15px;\">ESTUDIO REJUVENECIMIENTO<br \/>\nC\u00c1MARA HIPERB\u00c1RICA<\/p>\n<p>[\/et_pb_text][et_pb_text _builder_version=&#8221;4.9.4&#8243; _module_preset=&#8221;default&#8221;]<\/p>\n<h1 class=\"null\"><strong>Cient\u00edficos israel\u00edes afirman haber conseguido revertir el proceso de envejecimiento<\/strong><\/h1>\n<p>Seg\u00fan su investigaci\u00f3n, administrar <strong>ox\u00edgeno puro en el interior de una c\u00e1mara de presi\u00f3n (hiperb\u00e1rica)<\/strong> logra detener, e incluso revertir, dos de los principales procesos asociados a la edad<\/p>\n<p><a href=\"https:\/\/www.abc.es\/ciencia\/abci-cientificos-israelies-afirman-haber-conseguido-revertir-proceso-envejecimiento-202011242047_noticia.html\" target=\"_blank\" rel=\"noopener\">https:\/\/www.abc.es\/ciencia\/abci-cientificos-israelies-afirman-haber-conseguido-revertir-proceso-envejecimiento-202011242047_noticia.html\u00a0<\/a><\/p>\n<p>[\/et_pb_text][et_pb_blog posts_number=&#8221;5&#8243; include_categories=&#8221;31&#8243; meta_date=&#8221;j M Y&#8221; show_thumbnail=&#8221;off&#8221; show_more=&#8221;on&#8221; show_author=&#8221;off&#8221; show_date=&#8221;off&#8221; show_pagination=&#8221;off&#8221; disabled_on=&#8221;on|on|on&#8221; _builder_version=&#8221;4.9.4&#8243; header_font=&#8221;|700|||||||&#8221; min_height=&#8221;537px&#8221; custom_margin=&#8221;||-1px|||&#8221; use_border_color=&#8221;off&#8221; disabled=&#8221;on&#8221;]&nbsp;<br \/>\n[\/et_pb_blog][et_pb_text admin_label=&#8221;ENTREVISTA&#8221; _builder_version=&#8221;4.9.4&#8243; text_font_size=&#8221;24px&#8221; background_color=&#8221;#0c71c3&#8243; background_layout=&#8221;dark&#8221; custom_margin=&#8221;||22px|||&#8221; animation_style=&#8221;slide&#8221; text_text_shadow_style=&#8221;preset3&#8243;]<\/p>\n<p style=\"padding: 15px;\">ENTREVISTA<\/p>\n<p>[\/et_pb_text][et_pb_text _builder_version=&#8221;4.9.4&#8243; _module_preset=&#8221;default&#8221;]<\/p>\n<h1 class=\"null\"><a href=\"https:\/\/emsonline.es\/blog\/ems\/entrevista-a-karen\/\" target=\"_blank\" rel=\"noopener\"><strong>Karen Asprilia, fisioterapeuta deportiva, manual y traumatol\u00f3gica<\/strong><\/a><\/h1>\n<div style=\"text-align: left;\"><img loading=\"lazy\" decoding=\"async\" class=\"wp-image-3528 alignright \" src=\"https:\/\/emsonline.es\/wp-content\/uploads\/2020\/11\/entrevista.jpg\" alt=\"Karen Asprilia EMSClub\" width=\"183\" height=\"249\" srcset=\"https:\/\/emsonline.es\/wp-content\/uploads\/2020\/11\/entrevista.jpg 576w, https:\/\/emsonline.es\/wp-content\/uploads\/2020\/11\/entrevista-220x300.jpg 220w\" sizes=\"(max-width: 183px) 100vw, 183px\" \/><\/div>\n<div style=\"text-align: left;\">La EMS juega un papel muy importante, ya que actualmente llevamos un ritmo de vida acelerado, sedentario, con poco tiempo para cuidarnos y entrenar. Todo esto provoca lesiones, malas posturas y atrofias musculares. La EMS a nivel de fisioterapia nos ayuda a trabajar fibras musculares alrededor de la columna vertebral, que normalmente son dif\u00edciles de ejercitar, consiguiendo mejorar la postura, disminuir dolores de espalda, acelerar procesos de recuperaci\u00f3n de lesiones o cirug\u00edas&#8230;<\/div>\n<p>&nbsp;<\/p>\n<p><a href=\"https:\/\/emsonline.es\/blog\/ems\/entrevista-a-karen\/\" target=\"_blank\" rel=\"noopener\"><strong>Seguir leyendo<\/strong><\/a><\/p>\n<p>[\/et_pb_text][et_pb_divider show_divider=&#8221;off&#8221; _builder_version=&#8221;4.9.4&#8243;][\/et_pb_divider][et_pb_divider divider_weight=&#8221;2&#8243; _builder_version=&#8221;3.15&#8243;][\/et_pb_divider][et_pb_image src=&#8221;https:\/\/emsonline.es\/wp-content\/uploads\/2020\/02\/BANNER-SOS.jpg&#8221; url=&#8221;mailto:ems@emsonline.es&#8221; align_tablet=&#8221;center&#8221; align_phone=&#8221;&#8221; align_last_edited=&#8221;on|desktop&#8221; disabled_on=&#8221;off|off|off&#8221; admin_label=&#8221;Imagen SOS&#8221; _builder_version=&#8221;3.23&#8243;][\/et_pb_image][et_pb_divider divider_weight=&#8221;2&#8243; _builder_version=&#8221;3.15&#8243;][\/et_pb_divider][et_pb_image src=&#8221;https:\/\/emsonline.es\/wp-content\/uploads\/2020\/05\/banner-active3.jpg&#8221; url=&#8221;https:\/\/bodyteceurope.com\/&#8221; url_new_window=&#8221;on&#8221; align_tablet=&#8221;center&#8221; align_phone=&#8221;&#8221; align_last_edited=&#8221;on|desktop&#8221; admin_label=&#8221;Imagen active&#8221; _builder_version=&#8221;3.23&#8243; custom_margin=&#8221;0px||20px|&#8221; custom_padding=&#8221;0px||20px|&#8221;][\/et_pb_image][et_pb_divider divider_weight=&#8221;2&#8243; _builder_version=&#8221;3.15&#8243;][\/et_pb_divider][et_pb_image src=&#8221;https:\/\/emsonline.es\/wp-content\/uploads\/2020\/05\/comparativa.jpg&#8221; url=&#8221;https:\/\/bodyteceurope.com\/&#8221; url_new_window=&#8221;on&#8221; align_tablet=&#8221;center&#8221; align_phone=&#8221;&#8221; align_last_edited=&#8221;on|desktop&#8221; admin_label=&#8221;Imagen active&#8221; _builder_version=&#8221;3.23&#8243; custom_margin=&#8221;0px||20px|&#8221; custom_padding=&#8221;0px||20px|&#8221;][\/et_pb_image][et_pb_text disabled_on=&#8221;on|on|on&#8221; _builder_version=&#8221;3.27.4&#8243; text_font_size=&#8221;24px&#8221; background_color=&#8221;#0c71c3&#8243; background_layout=&#8221;dark&#8221; animation_style=&#8221;slide&#8221; text_text_shadow_style=&#8221;preset3&#8243; disabled=&#8221;on&#8221;]<\/p>\n<p style=\"padding: 15px; text-align: left;\">EMSNEWS NOVEDADES<\/p>\n<p>[\/et_pb_text][et_pb_blog posts_number=&#8221;5&#8243; include_categories=&#8221;36&#8243; meta_date=&#8221;j M Y&#8221; show_thumbnail=&#8221;off&#8221; show_more=&#8221;on&#8221; show_author=&#8221;off&#8221; show_date=&#8221;off&#8221; show_pagination=&#8221;off&#8221; disabled_on=&#8221;on|on|on&#8221; _builder_version=&#8221;3.15&#8243; header_font=&#8221;|700|||||||&#8221; use_border_color=&#8221;off&#8221; disabled=&#8221;on&#8221;]&nbsp;<br \/>\n[\/et_pb_blog][et_pb_text disabled_on=&#8221;on|on|on&#8221; _builder_version=&#8221;3.27.4&#8243; text_font_size=&#8221;24px&#8221; background_color=&#8221;#2d2d2d&#8221; background_layout=&#8221;dark&#8221; animation_style=&#8221;slide&#8221; text_text_shadow_style=&#8221;preset3&#8243; disabled=&#8221;on&#8221;]<\/p>\n<p style=\"padding: 15px;\">EMSNEWS FORMACI\u00d3N<\/p>\n<p>[\/et_pb_text][et_pb_blog posts_number=&#8221;5&#8243; include_categories=&#8221;32&#8243; meta_date=&#8221;j M Y&#8221; show_thumbnail=&#8221;off&#8221; show_more=&#8221;on&#8221; show_author=&#8221;off&#8221; show_date=&#8221;off&#8221; show_pagination=&#8221;off&#8221; disabled_on=&#8221;on|on|on&#8221; _builder_version=&#8221;3.15&#8243; header_font=&#8221;|700|||||||&#8221; use_border_color=&#8221;off&#8221; disabled=&#8221;on&#8221;]&nbsp;<br \/>\n[\/et_pb_blog][et_pb_text disabled_on=&#8221;on|on|on&#8221; _builder_version=&#8221;3.27.4&#8243; text_font_size=&#8221;24px&#8221; background_color=&#8221;#2d2d2d&#8221; background_layout=&#8221;dark&#8221; animation_style=&#8221;slide&#8221; text_text_shadow_style=&#8221;preset3&#8243; disabled=&#8221;on&#8221;]<\/p>\n<p style=\"padding: 15px;\">EMSNEWS NUTRICI\u00d3N<\/p>\n<p>[\/et_pb_text][et_pb_blog posts_number=&#8221;5&#8243; include_categories=&#8221;33&#8243; meta_date=&#8221;j M Y&#8221; show_thumbnail=&#8221;off&#8221; show_more=&#8221;on&#8221; show_author=&#8221;off&#8221; show_date=&#8221;off&#8221; show_pagination=&#8221;off&#8221; disabled_on=&#8221;on|on|on&#8221; _builder_version=&#8221;3.15&#8243; header_font=&#8221;|700|||||||&#8221; use_border_color=&#8221;off&#8221; disabled=&#8221;on&#8221;]&nbsp;<br \/>\n[\/et_pb_blog][et_pb_text disabled_on=&#8221;on|on|on&#8221; admin_label=&#8221;EMSNEWS SALUD Y NUTRICI\u00d3N&#8221; _builder_version=&#8221;3.27.4&#8243; text_font_size=&#8221;24px&#8221; background_color=&#8221;#636363&#8243; background_layout=&#8221;dark&#8221; animation_style=&#8221;slide&#8221; text_text_shadow_style=&#8221;preset3&#8243; disabled=&#8221;on&#8221;]<\/p>\n<p style=\"padding: 15px;\">EMSNEWS SALUD Y NUTRICI\u00d3N<\/p>\n<p>[\/et_pb_text][et_pb_text disabled_on=&#8221;on|on|on&#8221; admin_label=&#8221;ciclos bodyteceurope&#8221; _builder_version=&#8221;3.27.4&#8243; disabled=&#8221;on&#8221;][\/et_pb_text][et_pb_text admin_label=&#8221;PUBLICIDAD&#8221; _builder_version=&#8221;3.27.4&#8243;]<\/p>\n<h6>PUBLICIDAD<\/h6>\n<p>[\/et_pb_text][et_pb_image src=&#8221;https:\/\/emsonline.es\/wp-content\/uploads\/2020\/02\/BANNER-EMS2020-1.jpg&#8221; url=&#8221;http:\/\/www.sugranyes.es\/&#8221; url_new_window=&#8221;on&#8221; align_tablet=&#8221;center&#8221; align_phone=&#8221;&#8221; align_last_edited=&#8221;on|desktop&#8221; admin_label=&#8221;sugranyes&#8221; _builder_version=&#8221;3.23&#8243;][\/et_pb_image][et_pb_divider divider_weight=&#8221;2&#8243; _builder_version=&#8221;3.15&#8243;][\/et_pb_divider][et_pb_text disabled_on=&#8221;off|off|off&#8221; admin_label=&#8221;EMSNEWS EMPLEO&#8221; _builder_version=&#8221;3.27.4&#8243; text_font_size=&#8221;24px&#8221; background_color=&#8221;#000000&#8243; background_layout=&#8221;dark&#8221; animation_style=&#8221;slide&#8221; text_text_shadow_style=&#8221;preset3&#8243;]<\/p>\n<p style=\"padding: 15px;\">EMSNEWS EMPLEO<\/p>\n<p>[\/et_pb_text][et_pb_text disabled_on=&#8221;off|off|off&#8221; admin_label=&#8221;Oferta de empleo:&#8221; _builder_version=&#8221;3.27.4&#8243;]Oferta de empleo:<\/p>\n<p>Bodytec Europe busca agentes comerciales a nivel nacional e internacional.<\/p>\n<p>M\u00e1s informaci\u00f3n en <a href=\"https:\/\/bodyteceurope.com\/\" target=\"_blank\" rel=\"noopener\">https:\/\/bodyteceurope.com<\/a><br \/>\n[\/et_pb_text][et_pb_text disabled_on=&#8221;on|on|on&#8221; admin_label=&#8221;EMSNEWS OPORTUNIDADES&#8221; _builder_version=&#8221;3.27.4&#8243; text_font_size=&#8221;24px&#8221; background_color=&#8221;#636363&#8243; background_layout=&#8221;dark&#8221; animation_style=&#8221;slide&#8221; text_text_shadow_style=&#8221;preset3&#8243; disabled=&#8221;on&#8221;]<\/p>\n<p style=\"padding: 15px;\">EMSNEWS OPORTUNIDADES<\/p>\n<p>[\/et_pb_text][et_pb_button button_url=&#8221;https:\/\/emsonline.es\/contacto\/&#8221; url_new_window=&#8221;on&#8221; button_text=&#8221;OPORTUNIDADES&#8221; button_alignment=&#8221;center&#8221; disabled_on=&#8221;on|on|on&#8221; _builder_version=&#8221;3.16&#8243; disabled=&#8221;on&#8221; button_text_size__hover_enabled=&#8221;off&#8221; button_one_text_size__hover_enabled=&#8221;off&#8221; button_two_text_size__hover_enabled=&#8221;off&#8221; button_text_color__hover_enabled=&#8221;off&#8221; button_one_text_color__hover_enabled=&#8221;off&#8221; button_two_text_color__hover_enabled=&#8221;off&#8221; button_border_width__hover_enabled=&#8221;off&#8221; button_one_border_width__hover_enabled=&#8221;off&#8221; button_two_border_width__hover_enabled=&#8221;off&#8221; button_border_color__hover_enabled=&#8221;off&#8221; button_one_border_color__hover_enabled=&#8221;off&#8221; button_two_border_color__hover_enabled=&#8221;off&#8221; button_border_radius__hover_enabled=&#8221;off&#8221; button_one_border_radius__hover_enabled=&#8221;off&#8221; button_two_border_radius__hover_enabled=&#8221;off&#8221; button_letter_spacing__hover_enabled=&#8221;off&#8221; button_one_letter_spacing__hover_enabled=&#8221;off&#8221; button_two_letter_spacing__hover_enabled=&#8221;off&#8221; button_bg_color__hover_enabled=&#8221;off&#8221; button_one_bg_color__hover_enabled=&#8221;off&#8221; button_two_bg_color__hover_enabled=&#8221;off&#8221;][\/et_pb_button][et_pb_divider disabled_on=&#8221;on|on|on&#8221; _builder_version=&#8221;3.23.4&#8243; height=&#8221;50px&#8221; disabled=&#8221;on&#8221;][\/et_pb_divider][et_pb_blog posts_number=&#8221;5&#8243; include_categories=&#8221;34&#8243; meta_date=&#8221;j M Y&#8221; show_thumbnail=&#8221;off&#8221; show_more=&#8221;on&#8221; show_author=&#8221;off&#8221; show_date=&#8221;off&#8221; show_categories=&#8221;off&#8221; show_pagination=&#8221;off&#8221; disabled_on=&#8221;on|on|on&#8221; _builder_version=&#8221;3.15&#8243; header_font=&#8221;|700|||||||&#8221; use_border_color=&#8221;off&#8221; disabled=&#8221;on&#8221;]&nbsp;<br \/>\n[\/et_pb_blog][et_pb_text admin_label=&#8221;BODIES &#8221; _builder_version=&#8221;3.27.4&#8243;]<\/p>\n<h3><strong><img loading=\"lazy\" decoding=\"async\" class=\"wp-image-2871 alignleft\" src=\"https:\/\/emsonline.es\/wp-content\/uploads\/2019\/08\/bodies.jpg\" alt=\"\" width=\"268\" height=\"268\" srcset=\"https:\/\/emsonline.es\/wp-content\/uploads\/2019\/08\/bodies.jpg 1575w, https:\/\/emsonline.es\/wp-content\/uploads\/2019\/08\/bodies-150x150.jpg 150w, https:\/\/emsonline.es\/wp-content\/uploads\/2019\/08\/bodies-300x300.jpg 300w, https:\/\/emsonline.es\/wp-content\/uploads\/2019\/08\/bodies-768x768.jpg 768w, https:\/\/emsonline.es\/wp-content\/uploads\/2019\/08\/bodies-1024x1024.jpg 1024w, https:\/\/emsonline.es\/wp-content\/uploads\/2019\/08\/bodies-610x610.jpg 610w, https:\/\/emsonline.es\/wp-content\/uploads\/2019\/08\/bodies-1080x1080.jpg 1080w\" sizes=\"(max-width: 268px) 100vw, 268px\" \/><\/strong><\/h3>\n<h3><\/h3>\n<h3><strong>BODIES NUEVOS PARA T\u00da CENTRO CON LA GARANT\u00edA DE EMSONLINE<br \/>\n<\/strong><\/h3>\n<h4><strong>Precio especial para pedidos superiores<\/strong><\/h4>\n<p>[\/et_pb_text][et_pb_divider show_divider=&#8221;off&#8221; _builder_version=&#8221;3.23.4&#8243; height=&#8221;50px&#8221;][\/et_pb_divider][et_pb_button button_url=&#8221;https:\/\/emsonline.es\/equipos\/&#8221; button_text=&#8221;OPORTUNIDADES&#8221; button_alignment=&#8221;center&#8221; admin_label=&#8221;Boton OPORTUNIDADES&#8221; _builder_version=&#8221;3.16&#8243; button_text_size__hover_enabled=&#8221;off&#8221; button_one_text_size__hover_enabled=&#8221;off&#8221; button_two_text_size__hover_enabled=&#8221;off&#8221; button_text_color__hover_enabled=&#8221;off&#8221; button_one_text_color__hover_enabled=&#8221;off&#8221; button_two_text_color__hover_enabled=&#8221;off&#8221; button_border_width__hover_enabled=&#8221;off&#8221; button_one_border_width__hover_enabled=&#8221;off&#8221; button_two_border_width__hover_enabled=&#8221;off&#8221; button_border_color__hover_enabled=&#8221;off&#8221; button_one_border_color__hover_enabled=&#8221;off&#8221; button_two_border_color__hover_enabled=&#8221;off&#8221; button_border_radius__hover_enabled=&#8221;off&#8221; button_one_border_radius__hover_enabled=&#8221;off&#8221; button_two_border_radius__hover_enabled=&#8221;off&#8221; button_letter_spacing__hover_enabled=&#8221;off&#8221; button_one_letter_spacing__hover_enabled=&#8221;off&#8221; button_two_letter_spacing__hover_enabled=&#8221;off&#8221; button_bg_color__hover_enabled=&#8221;off&#8221; button_one_bg_color__hover_enabled=&#8221;off&#8221; button_two_bg_color__hover_enabled=&#8221;off&#8221;][\/et_pb_button][et_pb_divider show_divider=&#8221;off&#8221; _builder_version=&#8221;3.23.4&#8243; height=&#8221;50px&#8221;][\/et_pb_divider][et_pb_image src=&#8221;https:\/\/emsonline.es\/wp-content\/uploads\/2018\/06\/reparaciones-redes2.jpg&#8221; url=&#8221;https:\/\/emsonline.es\/blog\/ems\/servicio-de-reparacion-garantia-y-sustitucion-de-trajes\/&#8221; url_new_window=&#8221;on&#8221; align=&#8221;center&#8221; force_fullwidth=&#8221;on&#8221; align_tablet=&#8221;center&#8221; align_phone=&#8221;&#8221; align_last_edited=&#8221;on|desktop&#8221; admin_label=&#8221;Imagen reparacion&#8221; _builder_version=&#8221;3.23&#8243;][\/et_pb_image][et_pb_text disabled_on=&#8221;on|on|on&#8221; admin_label=&#8221;Texto CENTRO DEL MES&#8221; _builder_version=&#8221;4.9.2&#8243; text_font_size=&#8221;24px&#8221; background_color=&#8221;#0c71c3&#8243; background_layout=&#8221;dark&#8221; custom_padding=&#8221;10px||10px|&#8221; animation_style=&#8221;slide&#8221; text_text_shadow_style=&#8221;preset3&#8243; box_shadow_style=&#8221;preset3&#8243; disabled=&#8221;on&#8221;]<\/p>\n<p style=\"padding-left: 30px;\">CENTRO DEL MES<\/p>\n<p>[\/et_pb_text][et_pb_divider divider_weight=&#8221;2&#8243; _builder_version=&#8221;3.15&#8243;][\/et_pb_divider][et_pb_text admin_label=&#8221;Texto PUBLICIDAD&#8221; _builder_version=&#8221;3.27.4&#8243;]<\/p>\n<h6>PUBLICIDAD<\/h6>\n<p>[\/et_pb_text][et_pb_image src=&#8221;https:\/\/emsonline.es\/wp-content\/uploads\/2019\/03\/anuncio-2.jpg&#8221; url=&#8221;mailto:ems@emsonline.es&#8221; url_new_window=&#8221;on&#8221; align_tablet=&#8221;center&#8221; align_phone=&#8221;&#8221; align_last_edited=&#8221;on|desktop&#8221; admin_label=&#8221;Imagen publi anunciate&#8221; _builder_version=&#8221;3.23&#8243;][\/et_pb_image][\/et_pb_column][et_pb_column type=&#8221;1_3&#8243; _builder_version=&#8221;3.25&#8243; custom_padding=&#8221;|||&#8221; custom_padding__hover=&#8221;|||&#8221;][et_pb_sidebar orientation=&#8221;right&#8221; _builder_version=&#8221;3.15&#8243; remove_border=&#8221;off&#8221;]&nbsp;<br \/>\n[\/et_pb_sidebar][\/et_pb_column][\/et_pb_row][\/et_pb_section]<\/p>\n","protected":false},"excerpt":{"rendered":"<p>[et_pb_section fb_built=&#8221;1&#8243; _builder_version=&#8221;3.22&#8243; background_color=&#8221;#000000&#8243; custom_margin=&#8221;0px||0px|&#8221; custom_padding=&#8221;0px||0px|&#8221; global_module=&#8221;5985&#8243;][et_pb_row _builder_version=&#8221;3.25&#8243; custom_margin=&#8221;0px||0px|&#8221; custom_padding=&#8221;0px||0px|&#8221;][et_pb_column type=&#8221;4_4&#8243; _builder_version=&#8221;3.25&#8243; custom_padding=&#8221;|||&#8221; custom_padding__hover=&#8221;|||&#8221;][et_pb_image src=&#8221;https:\/\/emsonline.es\/wp-content\/uploads\/2019\/03\/cabeceranews.jpg&#8221; align_tablet=&#8221;center&#8221; align_phone=&#8221;&#8221; align_last_edited=&#8221;on|desktop&#8221; _builder_version=&#8221;3.23&#8243; custom_margin=&#8221;0px||0px|&#8221; custom_padding=&#8221;0px||0px|&#8221;][\/et_pb_image][\/et_pb_column][\/et_pb_row][\/et_pb_section][et_pb_section fb_built=&#8221;1&#8243; custom_padding_last_edited=&#8221;on|desktop&#8221; admin_label=&#8221;section&#8221; _builder_version=&#8221;3.22&#8243; custom_padding_tablet=&#8221;50px|0|50px|0&#8243; custom_padding_phone=&#8221;&#8221; transparent_background=&#8221;off&#8221; padding_mobile=&#8221;off&#8221; make_fullwidth=&#8221;off&#8221; use_custom_width=&#8221;off&#8221; width_unit=&#8221;off&#8221; custom_width_px=&#8221;1080px&#8221; custom_width_percent=&#8221;80%&#8221;][et_pb_row column_structure=&#8221;2_3,1_3&#8243; padding_mobile=&#8221;off&#8221; column_padding_mobile=&#8221;on&#8221; admin_label=&#8221;row&#8221; _builder_version=&#8221;3.25&#8243; background_size=&#8221;initial&#8221; background_position=&#8221;top_left&#8221; background_repeat=&#8221;repeat&#8221; make_fullwidth=&#8221;off&#8221; use_custom_width=&#8221;off&#8221; width_unit=&#8221;off&#8221; custom_width_px=&#8221;1080px&#8221; custom_width_percent=&#8221;80%&#8221;][et_pb_column type=&#8221;2_3&#8243; _builder_version=&#8221;3.25&#8243; custom_padding=&#8221;|||&#8221; custom_padding__hover=&#8221;|||&#8221;][et_pb_text admin_label=&#8221;EMSNEWS ACTUALIDAD&#8221; _builder_version=&#8221;3.27.4&#8243; text_font_size=&#8221;24px&#8221; [&hellip;]<\/p>\n","protected":false},"author":1,"featured_media":0,"parent":0,"menu_order":0,"comment_status":"closed","ping_status":"closed","template":"","meta":{"_et_pb_use_builder":"on","_et_pb_old_content":"","_et_gb_content_width":"","_monsterinsights_skip_tracking":false,"_monsterinsights_sitenote_active":false,"_monsterinsights_sitenote_note":"","_monsterinsights_sitenote_category":0,"footnotes":""},"class_list":["post-4087","page","type-page","status-publish","hentry"],"_links":{"self":[{"href":"https:\/\/emsonline.es\/en\/wp-json\/wp\/v2\/pages\/4087"}],"collection":[{"href":"https:\/\/emsonline.es\/en\/wp-json\/wp\/v2\/pages"}],"about":[{"href":"https:\/\/emsonline.es\/en\/wp-json\/wp\/v2\/types\/page"}],"author":[{"embeddable":true,"href":"https:\/\/emsonline.es\/en\/wp-json\/wp\/v2\/users\/1"}],"replies":[{"embeddable":true,"href":"https:\/\/emsonline.es\/en\/wp-json\/wp\/v2\/comments?post=4087"}],"version-history":[{"count":2,"href":"https:\/\/emsonline.es\/en\/wp-json\/wp\/v2\/pages\/4087\/revisions"}],"predecessor-version":[{"id":5988,"href":"https:\/\/emsonline.es\/en\/wp-json\/wp\/v2\/pages\/4087\/revisions\/5988"}],"wp:attachment":[{"href":"https:\/\/emsonline.es\/en\/wp-json\/wp\/v2\/media?parent=4087"}],"curies":[{"name":"wp","href":"https:\/\/api.w.org\/{rel}","templated":true}]}}